{"id":25,"date":"2013-06-28T09:12:25","date_gmt":"2013-06-28T09:12:25","guid":{"rendered":"http:\/\/hits-for-kids.net\/?page_id=25"},"modified":"2013-07-10T07:27:51","modified_gmt":"2013-07-10T07:27:51","slug":"impressum","status":"publish","type":"page","link":"http:\/\/hits-for-kids.net\/?page_id=25","title":{"rendered":"Impressum"},"content":{"rendered":"<h4>Das Portal \u201c<strong>hits-for-kids.net<\/strong><strong><\/strong> ist ein Produkt von<\/h4>\n<h4>Dirk Apel<\/h4>\n<h4>Am Hopfenberg 24<\/h4>\n<h4>37318 Arenshausen<\/h4>\n<h4>Tel: + 49 (0) 36081 60252<\/h4>\n<h4>Mobil: + 49 (0) 172 5621974<\/h4>\n<h4>Mail: <a title=\"Kontakt\" href=\"http:\/\/hits-for-kids.net\/?page_id=17\"><strong>info@hits-for-kids.net<\/strong><\/a><\/h4>\n<p>&nbsp;<\/p>\n<h4><strong>Umsetzung und grafische Gestaltung:<br \/>\n<\/strong><\/h4>\n<h4><a href=\"http:\/\/www.up-music.de\" target=\"_blank\"><img loading=\"lazy\" decoding=\"async\" alt=\"up_logo\" src=\"http:\/\/www.raise-up.de\/wp-content\/uploads\/2013\/05\/up_logo.png\" width=\"153\" height=\"41\" \/><\/a><\/h4>\n<h4>Ulrich Potrykus<\/h4>\n<h4>Friedensplatz 3<\/h4>\n<h4>37339 Ecklingerode \/ Germany<\/h4>\n<h4>fon: + 49 (0) 36071 90701<\/h4>\n<h4>fax: + 49 (0) 36071 90704<\/h4>\n<h4>mobil: + 49 (0) 152 53584981<\/h4>\n<h4>Mail: <strong><a href=\"mailto: info@up-studio.de\" target=\"_blank\">info@up-studio.de<\/a><\/strong><\/h4>\n<p>&nbsp;<\/p>\n<h4><strong>Hinweis<\/strong><\/h4>\n<h4>Jegliche Vervielf\u00e4ltigungen oder weitere Verbreitungen, in Teilen oder als Ganzes, egal in welchem Medium, bedarf der schriftlichen Zustimmung Dirk Apels. Ver\u00f6ffentlichungen auf dieser Internetseite, stellen die pers\u00f6nliche Meinung des jeweiligen Verfassers dar.<\/h4>\n<p>&nbsp;<\/p>\n<h4><strong>DISCLAIMER<\/strong><\/h4>\n<h4><b>Externe Verweise und Links<\/b><\/h4>\n<h4>Mit Urteil vom 12.Mai 1998 hat das LG Hamburg entschieden, dass man durch die Ausbringung eines Links die Inhalte der gelinkten Seite ggf. mit zu verantworten hat. Dies kann, so das LG, nur dadurch verhindert werden, dass man sich ausdr\u00fccklich von diesen Inhalten distanziert.<\/h4>\n<h4>Wir haben auf unseren Seiten Links zu Seiten im Internet gelegt, deren Inhalt und Aktualisierung nicht unserem Einflussbereich unterliegen.<\/h4>\n<h4>Dirk Apel hat keinen Einfluss auf Gestaltung und Inhalte fremder Internetseiten. Dirk Apel distanziert sich daher von allen fremden Inhalten, auch wenn auf Seiten externe Links gesetzt wurden.<\/h4>\n<h4>Diese Erkl\u00e4rung gilt f\u00fcr alle auf unseren Webseiten angezeigten Links und f\u00fcr alle Inhalte der Seiten, zu denen die bei uns angemeldeten Banner und Links f\u00fchren.<\/h4>\n<p>&nbsp;<\/p>\n<h4><strong>Datenschutz<\/strong><\/h4>\n<h4>Sofern innerhalb des Internetangebotes die M\u00f6glichkeit der Eingabe von pers\u00f6nlichen Daten (E-Mailadresse, Namen, Anschriften) besteht, erfolgt dieses freiwillig. Wir erkl\u00e4ren ausdr\u00fccklich, dass diese Daten nicht an Dritte weitergegeben werden.<\/h4>\n<p>&nbsp;<\/p>\n<h4><strong>Haftung<\/strong><\/h4>\n<h4>Dirk Apel beh\u00e4lt es sich ausdr\u00fccklich vor, Teile\/Seiten oder das gesamte Angebot ohne gesonderte Ank\u00fcndigung zu ver\u00e4ndern, zu erg\u00e4nzen, zu l\u00f6schen oder die Ver\u00f6ffentlichung zeitweise einzustellen. F\u00fcr die Richtigkeit, Vollst\u00e4ndigkeit, Aktualit\u00e4t oder Sch\u00e4den durch Nutzung\/Anwendung der Inhalte dieser Seiten wird in keinem Fall eine Haftung \u00fcbernommen. Haftungsanspr\u00fcche gegen Dirk Apel, welche sich auf Sch\u00e4den -jeglicher- Art beziehen, die sich durch die Nutzung der dargebotenen Informationen bzw. die durch Nutzung fehlerhafter und unvollst\u00e4ndiger Informationen verursacht wurden, sind grunds\u00e4tzlich ausgeschlossen, sofern seitens Dirk Apel kein nachweislich vors\u00e4tzliches oder grob fahrl\u00e4ssiges Verschulden vorliegt.<\/h4>\n<p>&nbsp;<\/p>\n<h4><strong>Marken-\/ u.a. Bezeichnungen<\/strong><\/h4>\n<h4>Die auf diesen Seiten genannten Marken-\/ u.a. Bezeichnungen, unterliegen u. U. Waren-\/ Markenzeichen bzw. dem patentrechtlichem Schutz.<\/h4>\n<h4>Produktbezeichnungen, welche sich auf diesen Seiten befinden, k\u00f6nnen eingetragene Warenzeichen sein, selbst dann, wenn sie nicht als solche gekennzeichnet sind!<\/h4>\n","protected":false},"excerpt":{"rendered":"<p>Das Portal \u201chits-for-kids.net ist ein Produkt von Dirk Apel Am Hopfenberg 24 37318 Arenshausen Tel: + 49 (0) 36081 60252 Mobil: + 49 (0) 172 5621974 Mail: info@hits-for-kids.net &nbsp; Umsetzung und grafische Gestaltung: Ulrich Potrykus Friedensplatz 3 37339 Ecklingerode \/ &hellip; <a href=\"http:\/\/hits-for-kids.net\/?page_id=25\">Weiterlesen <span class=\"meta-nav\">&rarr;<\/span><\/a><\/p>\n","protected":false},"author":1,"featured_media":0,"parent":0,"menu_order":6,"comment_status":"closed","ping_status":"closed","template":"","meta":{"footnotes":""},"class_list":["post-25","page","type-page","status-publish","hentry"],"_links":{"self":[{"href":"http:\/\/hits-for-kids.net\/index.php?rest_route=\/wp\/v2\/pages\/25","targetHints":{"allow":["GET"]}}],"collection":[{"href":"http:\/\/hits-for-kids.net\/index.php?rest_route=\/wp\/v2\/pages"}],"about":[{"href":"http:\/\/hits-for-kids.net\/index.php?rest_route=\/wp\/v2\/types\/page"}],"author":[{"embeddable":true,"href":"http:\/\/hits-for-kids.net\/index.php?rest_route=\/wp\/v2\/users\/1"}],"replies":[{"embeddable":true,"href":"http:\/\/hits-for-kids.net\/index.php?rest_route=%2Fwp%2Fv2%2Fcomments&post=25"}],"version-history":[{"count":3,"href":"http:\/\/hits-for-kids.net\/index.php?rest_route=\/wp\/v2\/pages\/25\/revisions"}],"predecessor-version":[{"id":31,"href":"http:\/\/hits-for-kids.net\/index.php?rest_route=\/wp\/v2\/pages\/25\/revisions\/31"}],"wp:attachment":[{"href":"http:\/\/hits-for-kids.net\/index.php?rest_route=%2Fwp%2Fv2%2Fmedia&parent=25"}],"curies":[{"name":"wp","href":"https:\/\/api.w.org\/{rel}","templated":true}]}}